{"id":3,"date":"2022-12-12T11:14:03","date_gmt":"2022-12-12T11:14:03","guid":{"rendered":"https:\/\/diegoguerrero.es\/?page_id=3"},"modified":"2023-02-08T10:05:54","modified_gmt":"2023-02-08T10:05:54","slug":"politica-de-privacidad","status":"publish","type":"page","link":"https:\/\/diegoguerrero.es\/index.php\/politica-de-privacidad\/","title":{"rendered":"Pol\u00edtica de privacidad"},"content":{"rendered":"<p>Esta Poli\u0301tica de Privacidad se aplica cuando se utiliza el Sitio web diegoguerrero.es, titularidad de Solar de Artistas, y cuando se utilizan los medios de contacto que constan a disposicio\u0301n de los interesados en el Sitio web (tele\u0301fono, correo electro\u0301nico y redes sociales)<\/p><p>Solar de Artistas trata los datos de forma li\u0301cita, leal y transparente. U\u0301nicamente trata aquellos datos que son adecuados, pertinentes y limitados a lo necesario en relacio\u0301n con los fines determinados, expli\u0301citos y legi\u0301timos para los que los obtiene, y no los trata para fines incompatibles con aquellos.<\/p><p>Esta Poli\u0301tica es permanentemente accesible a trave\u0301s del enlace habilitado en el Sitio web, denominado \u201cPol\u00edtica de Privacidad\u201d, y puede actualizarse en cualquier momento, bien como consecuencia de un cambio normativo o bien por modificarse la configuracio\u0301n de los servicios o el tipo de negocio desarrollado.<\/p><p>\u00bfQuie\u0301n es el Responsable del tratamiento?\u2028<br>Solar de Artistas<\/p><p>C\/ Jilguero, 14, Bloque C<br>RS. Palm-Mar Primavera<br>38632 Arona, Santa Cruz de Tenerife<br>Espa\u00f1a\u2028<br>Correo electro\u0301nico: info@diegoguerrero.es<\/p><p>\u00bfCon que\u0301 finalidad y legitimacio\u0301n tratamos los datos?<br>La presente Pol\u00edtica de Privacidad tiene por objeto facilitar informaci\u00f3n sobre los derechos que asisten al Usuario en virtud del Reglamento General de Protecci\u00f3n de Datos (\u201cRGPD\u201d).<\/p><p>Para navegar por el Sitio web diegoguerrero.es no es necesario aportar ningu\u0301n dato. El cara\u0301cter obligatorio de la respuesta a las preguntas que se planteen, o de los datos que se solicitan a trave\u0301s del Sitio web, se indica mediante la incorporacio\u0301n de un asterisco (*) a continuacio\u0301n de la pregunta o campo del formulario. En caso de no proporcionarse los datos requeridos no sera\u0301 posible prestar el servicio o funcionalidad solicitados.<\/p><p>En Solar de Artistas tratamos la informacio\u0301n registrada de conformidad con las siguientes finalidades:<\/p><p>Contacto: los datos recibidos a trave\u0301s del formulario de contacto del Sitio web, o a trave\u0301s de cualquiera de los medios y\/o canales de contacto facilitados en la web, se utilizan con la finalidad de gestionar las solicitudes o incidencias comunicadas por los interesados. Las bases legitimadoras del tratamiento son el intere\u0301s legi\u0301timo de Solar de Artistas en atender y gestionar las peticiones recibidas, y el consentimiento del interesado.<\/p><p>Ejercicio de derechos por los interesados: los datos proporcionados se utilizan con la finalidad de atender y dar respuesta a los interesados que ejerciten sus derechos conforme a la normativa sobre proteccio\u0301n de datos. La base legitimadora del tratamiento es el cumplimiento de una obligacio\u0301n legal.<\/p><p>Notificaciones sobre proteccio\u0301n de datos: los datos proporcionados se utilizan con la finalidad de gestionar los incidentes y notificaciones relacionados con la seguridad de conformidad con la normativa sobre proteccio\u0301n de datos. La base legitimadora del tratamiento es el cumplimiento de una obligacio\u0301n legal.<\/p><p>Solar de Artistas utiliza cookies que no proporcionan referencias que permitan deducir datos personales de los visitantes. Para la poli\u0301tica de instalacio\u0301n y gestio\u0301n de dispositivos de almacenamiento y recuperacio\u0301n de datos en equipos terminales del Sitio web, consulta la Poli\u0301tica de Cookies.<\/p><p>Solar de Artistas u\u0301nicamente tratara\u0301 los datos personales de los interesados de conformidad con las finalidades descritas en esta Poli\u0301tica as\u00ed como en las Condiciones Generales. Los interesados son informados del tratamiento de sus datos en los te\u0301rminos anteriormente indicados mediante la aceptacio\u0301n de la presente Poli\u0301tica de Privacidad en los apartados correspondientes de los formularios previstos en el Sitio web.<\/p><p>Los datos proporcionados y recogidos sera\u0301n tratados u\u0301nica y exclusivamente durante el tiempo necesario y para las finalidades para las que se hayan recabado en cada momento, asi\u0301 como para determinar las posibles responsabilidades que se pudieran derivar de las finalidades del tratamiento. Solar de Artistas ha establecido diferentes plazos de conservacio\u0301n en funcio\u0301n del tipo de datos y la finalidad aplicable su tratamiento. Los datos se conservara\u0301n durante el tiempo necesario para cumplir con la finalidad para la que se recabaron y para determinar las posibles responsabilidades que se pudieran derivar de dicha finalidad y del tratamiento de los datos.<\/p><p>Los Usuarios del Sitio web deben abstenerse de proporcionar datos de cara\u0301cter personal de otros interesados, salvo que dispongan de la pertinente autorizacio\u0301n, segu\u0301n la cual dichos interesados habra\u0301n sido previa y debidamente informados sobre el contenido de la presente Poli\u0301tica de Privacidad y, en concreto, que consienten que sus datos sean facilitados a Solar de Artistas para ser tratados conforme a las finalidades que correspondan.<\/p><p>\u00bfA que\u0301 destinatarios se comunicara\u0301n los datos?<br>Solar de Artistas no comunica datos de cara\u0301cter personal a terceros, salvo que una norma con rango de ley disponga lo contrario o si es necesario para la prestacio\u0301n del servicio contratado. Solar de Artistas podra\u0301 comunicar datos personales a las autoridades competentes: fiscales y aduaneras, judiciales, fuerzas y cuerpos de seguridad del Estado, y cualquier otro destinatario que en funcio\u0301n de la normativa vigente resulte de aplicacio\u0301n.<\/p><p>En relacio\u0301n a las comunicaciones necesarias para la prestacio\u0301n del servicio, se comunicara\u0301n aquellos datos imprescindibles para gestionar la peticio\u0301n del Usuario y prestar los servicios, indica\u0301ndose en las Condiciones Generales correspondientes los te\u0301rminos en que se comunican dichos datos y la identidad o categori\u0301a de destinatarios.<\/p><p>Los datos que tratamos solo se almacenan en las instalaciones de nuestro proveedor de servicios ubicado en territorio espan\u0303ol.<\/p><p>\u00bfCua\u0301les son tus derechos en relacio\u0301n a tus datos?<br>Cualquier persona tiene derecho a obtener confirmacio\u0301n de si en Solar de Artistas estamos tratando o no datos personales que le conciernan, con qu\u00e9 fines, destinatarios, plazo, a acceder a sus datos personales y obtener una copia gratuita de los mismos, y a solicitar la rectificacio\u0301n de los datos inexactos o completar los datos incompletos.<\/p><p>Asimismo, tiene derecho a solicitar la supresio\u0301n de sus datos cuando, entre otros motivos, los datos ya no sean necesarios para los fines que fueron recogidos. Solar de Artistas procedera\u0301 a la supresio\u0301n de los mismos sin dilacio\u0301n salvo que sea necesario conservarlos en cumplimiento de una obligacio\u0301n legal, o para la formulacio\u0301n, el ejercicio o la defensa de reclamaciones.<\/p><p>En determinadas circunstancias, los interesados podra\u0301n solicitar la limitacio\u0301n del tratamiento de sus datos, en cuyo caso se procedera\u0301 a su bloqueo y solo podra\u0301n ser tratados para la formulacio\u0301n, el ejercicio o la defensa de reclamaciones.<\/p><p>Del mismo modo, los interesados tienen derecho, en determinadas circunstancias, a recibir los datos personales que nos hayan proporcionado a Solar de Artistas, en un formato estructurado de uso comu\u0301n y lectura meca\u0301nica.<\/p><p>En determinadas circunstancias y por motivos basados en la situacio\u0301n particular del interesado, e\u0301ste podra\u0301 oponerse al tratamiento de sus datos y Solar de Artistas dejara\u0301 de tratarlos, salvo por motivos legi\u0301timos imperiosos, o para la formulacio\u0301n, el ejercicio o la defensa de reclamaciones.<\/p><p>Todos estos derechos pueden ejercitarse, en cualquier momento solicita\u0301ndolo por correo postal dirigido al Departamento Juri\u0301dico de Solar de Artistas, en la siguiente direccio\u0301n: C\/ Jilguero, 14, Bloque C; RS. Palm-Mar Primavera; 38632 Arona, Santa Cruz de Tenerife (Espa\u00f1a); o bien, enviando un correo electro\u0301nico a info@diegoguerrero.es.<\/p><p>En el caso que se haya solicitado el consentimiento del interesado para tratar los datos, puede revocarse el mismo en cualquier momento comunica\u0301ndolo en los te\u0301rminos descritos en el pa\u0301rrafo anterior. Esta revocacio\u0301n en ningu\u0301n caso tendra\u0301 cara\u0301cter retroactivo.<\/p><p>Si el interesado considera que no ha obtenido satisfaccio\u0301n en el ejercicio de sus derechos, puede presentar una reclamacio\u0301n ante la Agencia Espan\u0303ola de Proteccio\u0301n de Datos, autoridad de control competente en materia de proteccio\u0301n de datos, cuyos datos de contacto son: calle Jorge Juan, 6 \u2013 28001 Madrid.<\/p><p>Solar de Artistas garantiza adoptar los niveles de seguridad requeridos por el RGPD adecuados a la naturaleza de los datos que son objeto de tratamiento en cada momento, teniendo en cuenta que aunque puedan existir actuaciones dolosas por parte de terceros, Solar de Artistas pone todos sus medios para combatir y evitar estas actuaciones.<\/p><p>Los menores de edad no podr\u00e1n usar los servicios disponibles a trav\u00e9s del Sitio web sin la previa autorizaci\u00f3n de sus padres, tutores o representantes legales, quienes ser\u00e1n los \u00fanicos responsables de todos los actos realizados por los menores en&nbsp;el&nbsp;Sitio&nbsp;web.<\/p>","protected":false},"excerpt":{"rendered":"<p>Esta Poli\u0301tica de Privacidad se aplica cuando se utiliza el Sitio web diegoguerrero.es, titularidad de Solar de Artistas, y cuando se utilizan los medios de contacto que constan a disposicio\u0301n de los interesados en el Sitio web (tele\u0301fono, correo electro\u0301nico y redes sociales) Solar de Artistas trata los datos de forma li\u0301cita, leal y transparente. [&hellip;]<\/p>\n","protected":false},"author":1,"featured_media":0,"parent":0,"menu_order":0,"comment_status":"closed","ping_status":"closed","template":"","meta":{"footnotes":""},"class_list":["post-3","page","type-page","status-publish","hentry"],"_links":{"self":[{"href":"https:\/\/diegoguerrero.es\/index.php\/wp-json\/wp\/v2\/pages\/3","targetHints":{"allow":["GET"]}}],"collection":[{"href":"https:\/\/diegoguerrero.es\/index.php\/wp-json\/wp\/v2\/pages"}],"about":[{"href":"https:\/\/diegoguerrero.es\/index.php\/wp-json\/wp\/v2\/types\/page"}],"author":[{"embeddable":true,"href":"https:\/\/diegoguerrero.es\/index.php\/wp-json\/wp\/v2\/users\/1"}],"replies":[{"embeddable":true,"href":"https:\/\/diegoguerrero.es\/index.php\/wp-json\/wp\/v2\/comments?post=3"}],"version-history":[{"count":2,"href":"https:\/\/diegoguerrero.es\/index.php\/wp-json\/wp\/v2\/pages\/3\/revisions"}],"predecessor-version":[{"id":275,"href":"https:\/\/diegoguerrero.es\/index.php\/wp-json\/wp\/v2\/pages\/3\/revisions\/275"}],"wp:attachment":[{"href":"https:\/\/diegoguerrero.es\/index.php\/wp-json\/wp\/v2\/media?parent=3"}],"curies":[{"name":"wp","href":"https:\/\/api.w.org\/{rel}","templated":true}]}}