{"id":272,"date":"2023-02-08T10:04:51","date_gmt":"2023-02-08T10:04:51","guid":{"rendered":"https:\/\/diegoguerrero.es\/?page_id=272"},"modified":"2023-02-08T10:04:51","modified_gmt":"2023-02-08T10:04:51","slug":"politica-de-cookies","status":"publish","type":"page","link":"https:\/\/diegoguerrero.es\/index.php\/politica-de-cookies\/","title":{"rendered":"Pol\u00edtica de cookies"},"content":{"rendered":"<p>La presente Poli\u0301tica de Cookies pretende proporcionar la informacio\u0301n necesaria para que cualquier Usuario del sitio web pueda decidir si desea permitir la instalacio\u0301n de las cookies utilizadas por Solar de Artistas en el sitio web diegoguerrero.es (en adelante, el Sitio Web) y co\u0301mo gestionarlas.<\/p><p>La informacio\u0301n sobre la Poli\u0301tica de cookies de Solar de Artistas se proporciona a trave\u0301s de dos capas: la primera, un \u201caviso\u201d en el pie de pa\u0301gina del Sitio web, en el que se advierte de la instalacio\u0301n de cookies no exentas -describiendo su finalidad- y se proporciona un enlace a la presente Poli\u0301tica para que el Usuario pueda conocer con ma\u0301s detalle su contenido y funcionamiento, siendo e\u0301sta la segunda capa de informacio\u0301n.<\/p><p>Esta Poli\u0301tica es pu\u0301blica y permanentemente accesible a trave\u0301s del enlace habilitado en el Sitio Web -denominado \u201cPol\u00edtica de Cookies\u201d-, y puede ser actualizada en cualquier momento, como consecuencia de un cambio normativo o como consecuencia de cualquier cambio en la configuracio\u0301n de las cookies utilizadas.<\/p><p>Solar de Artistas puede utilizar cookies, y otras tecnologi\u0301as similares, para almacenar y recuperar informacio\u0301n de los equipos terminales del Usuario de sus sitios web (en adelante, denominadas conjuntamente \u201cCookies\u201d). Las cookies son archivos o programas informa\u0301ticos, enviados a un navegador por medio de un servidor web, que almacenan informacio\u0301n en el equipo del Usuario, al acceder o navegar por un Sitio web, y permiten que se acceda a e\u0301sta tras su instalacio\u0301n. En otras palabras, son elementos de informacio\u0301n que un Sitio web instala en su dispositivo cuando lo visita. Estos dispositivos pueden contener informacio\u0301n sobre los ha\u0301bitos de navegacio\u0301n del Usuario o del equipo en que se instalan, o incluso pueden utilizarse para reconocer el Usuario.<\/p><p>Existen diversos tipos de cookies en funcio\u0301n de la finalidad para la que se utilizan. Solar de Artistas utiliza los siguientes tipos de cookies en el Sitio Web:<\/p><p>Cookies te\u0301cnicas: Son aquellas que permiten al Usuario la navegacio\u0301n a trave\u0301s de la pa\u0301gina web y la utilizacio\u0301n de las diferentes opciones o servicios que existen en ella como, por ejemplo, identificar la sesio\u0301n, hacer el seguimiento de los criterios de reserva o para configurar la seguridad del Sitio web.<\/p><p>Cookies de personalizacio\u0301n: Son aquellas que permiten al Usuario especificar o personalizar algunas caracteri\u0301sticas de las opciones generales del Sitio Web como, por ejemplo, definir el idioma.<\/p><p>Cookies sociales: Son aquellas que los proveedores de servicios de redes sociales pueden instalar cuando el Usuario selecciona compartir un determinado contenido de nuestro Sitio web en la red social que operan. Las condiciones de estos servicios pueden consultarse en las siguientes direcciones: Facebook y Instagram.<\/p><p>Las cookies que se instalan en el Sitio web diegoguerrero.es:<\/p><p>Cookie Caducidad Finalidad Propia\/Terceros<\/p><p>(OJO: \u00c9STAS SON DE OTRA WEB\u2026 HABR\u00cdA QUE ACTUALIZAR LA TABLA!)<\/p><p>_fbp 3 meses Facebook Terceros<br>_gat_UA-158762578-1 Sesi\u00f3n Google Analytics Terceros<br>_ga Dos a\u00f1os Google Analytics Terceros<br>_gid Un d\u00eda Google Analytics Terceros<br>cookie_notice_accepted Sesi\u00f3n Aceptaci\u00f3n aviso cookies Propias<br>cookielawinfo-checkbox-non-necessary Sesi\u00f3n Aceptaci\u00f3n aviso cookies Propias<br>_gcl_au 3 meses Google Tag Manager Terceros<\/p><p>CONFIGURAR COOKIES<\/p><p>La instalacio\u0301n de las cookies se producira\u0301 tras obtener el consentimiento del Usuario, salvo las cookies te\u0301cnicas o necesarias que se instalara\u0301n en todo caso. El Usuario puede autorizar la instalacio\u0301n de cookies, al clicar en \u201cAceptar\u201d, o rechazar su instalacio\u0301n, haciendo clic en \u201cRechazar\u201d. La configuracio\u0301n seleccionada por el Usuario se conservara\u0301 almacenada con la finalidad de acreditar el cumplimiento de nuestras obligaciones legales durante el plazo de prescripcio\u0301n de las mismas.<\/p><p>Si el Usuario desea revocar el consentimiento prestado debe eliminar las cookies instaladas. Para evitar que se instalen en el futuro es necesario activar las opciones de Navegacio\u0301n Privada o \u201cDo-Not-Track\u201d previstas en el navegador, es decir, bloquear o desactivar la instalacio\u0301n de cookies.<\/p><p>El Usuario debe tener en cuenta que algunas caracteri\u0301sticas de los contenidos del Sitio web s\u00f3lo esta\u0301n disponibles si se permite la instalacio\u0301n de cookies en el navegador. Si decide no aceptar o bloquear determinadas cookies, en funcio\u0301n de su finalidad, puede que esto afecte, total o parcialmente, al funcionamiento normal del Sitio web o que impida el acceso a algunos servicios del mismo.<\/p><p>Para permitir, bloquear o eliminar las cookies instaladas en un equipo o dispositivo mediante la configuracio\u0301n de las opciones del navegador instalado en el mismo, deben seguirse las instrucciones proporcionadas por el propio navegador. A continuacio\u0301n, se proporcionan los enlaces para configurar las cookies de los navegadores ma\u0301s populares:<\/p><p>\u2022 Internet Explorer: Elimina y administra cookies<\/p><p>\u2022 Mozilla Firefox: Borrar Cookies y Bloquear cookies<\/p><p>\u2022 Google Chrome: Borrar, habilitar y administrar cookies<\/p><p>\u2022 Opera: Opciones de cookies<\/p><p>\u2022 Safari: Gestionar cookies<\/p><p>Si se utiliza cualquier otro navegador, o los enlaces proporcionados no contienen la informacio\u0301n deseada, es posible localizar co\u0301mo gestionar las cookies que se instalan en un equipo accediendo al menu\u0301 \u201cOpciones\u201d o \u201cConfiguracio\u0301n\u201d \u2013o equivalente- del navegador, o bien consultando la seccio\u0301n de \u201cAyuda\u201d o \u201cSoporte\u201d del propio navegador. Hay navegadores que permiten configurar reglas especi\u0301ficas \u2013excepciones- para administrar las cookies por Sitio web, de forma que pueden inhabilitarse las cookies de todos los sitios salvo de aquellos en los que se confi\u0301e.<\/p><p>El Usuario debe configurar sus preferencias en todos los dispositivos que utilice para navegar por internet.<\/p><p>Es posible que Solar de Artistas actualice la Pol\u00edtica de Cookies del Sitio web, por lo tanto recomendamos al Usuario revisar la presente Pol\u00edtica de cookies cada vez que acceda al Sitio web para estar informado adecuadamente del uso de las cookies&nbsp;empleadas.<\/p>","protected":false},"excerpt":{"rendered":"<p>La presente Poli\u0301tica de Cookies pretende proporcionar la informacio\u0301n necesaria para que cualquier Usuario del sitio web pueda decidir si desea permitir la instalacio\u0301n de las cookies utilizadas por Solar de Artistas en el sitio web diegoguerrero.es (en adelante, el Sitio Web) y co\u0301mo gestionarlas. La informacio\u0301n sobre la Poli\u0301tica de cookies de Solar de [&hellip;]<\/p>\n","protected":false},"author":1,"featured_media":0,"parent":0,"menu_order":0,"comment_status":"closed","ping_status":"closed","template":"","meta":{"footnotes":""},"class_list":["post-272","page","type-page","status-publish","hentry"],"_links":{"self":[{"href":"https:\/\/diegoguerrero.es\/index.php\/wp-json\/wp\/v2\/pages\/272","targetHints":{"allow":["GET"]}}],"collection":[{"href":"https:\/\/diegoguerrero.es\/index.php\/wp-json\/wp\/v2\/pages"}],"about":[{"href":"https:\/\/diegoguerrero.es\/index.php\/wp-json\/wp\/v2\/types\/page"}],"author":[{"embeddable":true,"href":"https:\/\/diegoguerrero.es\/index.php\/wp-json\/wp\/v2\/users\/1"}],"replies":[{"embeddable":true,"href":"https:\/\/diegoguerrero.es\/index.php\/wp-json\/wp\/v2\/comments?post=272"}],"version-history":[{"count":1,"href":"https:\/\/diegoguerrero.es\/index.php\/wp-json\/wp\/v2\/pages\/272\/revisions"}],"predecessor-version":[{"id":273,"href":"https:\/\/diegoguerrero.es\/index.php\/wp-json\/wp\/v2\/pages\/272\/revisions\/273"}],"wp:attachment":[{"href":"https:\/\/diegoguerrero.es\/index.php\/wp-json\/wp\/v2\/media?parent=272"}],"curies":[{"name":"wp","href":"https:\/\/api.w.org\/{rel}","templated":true}]}}